{"id":887,"date":"2026-03-13T23:27:23","date_gmt":"2026-03-13T22:27:23","guid":{"rendered":"https:\/\/mccoupigny.fr\/?page_id=887"},"modified":"2026-04-03T10:44:43","modified_gmt":"2026-04-03T08:44:43","slug":"mon-engagement","status":"publish","type":"page","link":"https:\/\/mccoupigny.fr\/index.php\/mon-engagement\/","title":{"rendered":"\u200bMes Engagements &amp; Mes Valeurs"},"content":{"rendered":"\n<div class=\"wp-block-media-text is-stacked-on-mobile\"><figure class=\"wp-block-media-text__media\"><img loading=\"lazy\" decoding=\"async\" width=\"846\" height=\"806\" src=\"https:\/\/mccoupigny.fr\/wp-content\/uploads\/2026\/04\/LOGO-ECLAIREUSE-DE-VIE-1.jpg\" alt=\"\" class=\"wp-image-958 size-full\" srcset=\"https:\/\/mccoupigny.fr\/wp-content\/uploads\/2026\/04\/LOGO-ECLAIREUSE-DE-VIE-1.jpg 846w, https:\/\/mccoupigny.fr\/wp-content\/uploads\/2026\/04\/LOGO-ECLAIREUSE-DE-VIE-1-300x286.jpg 300w, https:\/\/mccoupigny.fr\/wp-content\/uploads\/2026\/04\/LOGO-ECLAIREUSE-DE-VIE-1-768x732.jpg 768w\" sizes=\"auto, (max-width: 846px) 100vw, 846px\" \/><\/figure><div class=\"wp-block-media-text__content\">\n<p>\u200bPour vous accompagner sur ce chemin de lib\u00e9ration, je m&rsquo;appuie sur une charte \u00e9thique qui fait \u00e9cho \u00e0 mon parcours dans le soin :<\/p>\n\n\n\n<p>\u200b<strong>Le Respect de votre Rythme :<\/strong> On ne bouscule pas une histoire familiale. Mon r\u00f4le est de marcher \u00e0 vos c\u00f4t\u00e9s, en respectant votre sensibilit\u00e9 et le temps n\u00e9cessaire \u00e0 l&rsquo;int\u00e9gration de chaque prise de conscience.<\/p>\n\n\n\n<p>\u200b<strong>Le Cadre S\u00e9curisant :<\/strong> Mon exp\u00e9rience param\u00e9dicale m&rsquo;a appris l&rsquo;importance d&rsquo;un environnement stable. Je vous offre un espace de parole prot\u00e9g\u00e9 o\u00f9 vous pouvez d\u00e9poser votre histoire en toute confiance.<\/p>\n\n\n\n<p>\u200b<strong>La Confidentialit\u00e9 Absolue :<\/strong> Le respect de votre vie priv\u00e9e et de celle de votre lign\u00e9e est au c\u0153ur de ma pratique. Chaque r\u00e9cit est re\u00e7u comme un secret pr\u00e9cieux.<\/p>\n\n\n\n<p>\u200b<strong>L\u2019\u00c9coute sans Jugement :<\/strong> Chaque famille a ses zones d&rsquo;ombre, ses erreurs et ses souffrances. Je vous accueille avec une neutralit\u00e9 bienveillante, car mettre en lumi\u00e8re n&rsquo;est pas juger, c&rsquo;est comprendre pour lib\u00e9rer.<\/p>\n<\/div><\/div>\n\n\n\n<h3 class=\"wp-block-heading\">\u200b<\/h3>\n\n\n\n<p><\/p>\n","protected":false},"excerpt":{"rendered":"<p>\u200bPour vous accompagner sur ce chemin de lib\u00e9ration, je m&rsquo;appuie sur une charte \u00e9thique qui fait \u00e9cho \u00e0 mon parcours dans le soin : \u200bLe Respect de votre Rythme : On ne bouscule pas une histoire familiale. Mon r\u00f4le est de marcher \u00e0 vos c\u00f4t\u00e9s, en respectant votre sensibilit\u00e9 et le temps n\u00e9cessaire \u00e0 l&rsquo;int\u00e9gration&#8230;<\/p>\n","protected":false},"author":1,"featured_media":0,"parent":0,"menu_order":0,"comment_status":"closed","ping_status":"closed","template":"","meta":{"footnotes":""},"class_list":["post-887","page","type-page","status-publish","hentry"],"_links":{"self":[{"href":"https:\/\/mccoupigny.fr\/index.php\/wp-json\/wp\/v2\/pages\/887","targetHints":{"allow":["GET"]}}],"collection":[{"href":"https:\/\/mccoupigny.fr\/index.php\/wp-json\/wp\/v2\/pages"}],"about":[{"href":"https:\/\/mccoupigny.fr\/index.php\/wp-json\/wp\/v2\/types\/page"}],"author":[{"embeddable":true,"href":"https:\/\/mccoupigny.fr\/index.php\/wp-json\/wp\/v2\/users\/1"}],"replies":[{"embeddable":true,"href":"https:\/\/mccoupigny.fr\/index.php\/wp-json\/wp\/v2\/comments?post=887"}],"version-history":[{"count":5,"href":"https:\/\/mccoupigny.fr\/index.php\/wp-json\/wp\/v2\/pages\/887\/revisions"}],"predecessor-version":[{"id":959,"href":"https:\/\/mccoupigny.fr\/index.php\/wp-json\/wp\/v2\/pages\/887\/revisions\/959"}],"wp:attachment":[{"href":"https:\/\/mccoupigny.fr\/index.php\/wp-json\/wp\/v2\/media?parent=887"}],"curies":[{"name":"wp","href":"https:\/\/api.w.org\/{rel}","templated":true}]}}