{"id":650,"date":"2026-02-26T14:58:24","date_gmt":"2026-02-26T13:58:24","guid":{"rendered":"https:\/\/mccoupigny.fr\/?page_id=650"},"modified":"2026-04-03T12:55:06","modified_gmt":"2026-04-03T10:55:06","slug":"mon-parcours","status":"publish","type":"page","link":"https:\/\/mccoupigny.fr\/index.php\/mon-parcours\/","title":{"rendered":"MON PARCOURS"},"content":{"rendered":"\n<h2 class=\"wp-block-heading has-text-align-left\">De l&rsquo;h\u00e9ritage \u00e0 la puissance incarn\u00e9e<\/h2>\n\n\n\n<p class=\"has-text-align-left\"><\/p>\n\n\n\n<div class=\"wp-block-media-text is-stacked-on-mobile\" style=\"grid-template-columns:20% auto\"><figure class=\"wp-block-media-text__media\"><img loading=\"lazy\" decoding=\"async\" width=\"768\" height=\"1024\" src=\"https:\/\/mccoupigny.fr\/wp-content\/uploads\/2026\/04\/IMG_1687-768x1024.jpg\" alt=\"\" class=\"wp-image-929 size-full\" srcset=\"https:\/\/mccoupigny.fr\/wp-content\/uploads\/2026\/04\/IMG_1687-768x1024.jpg 768w, https:\/\/mccoupigny.fr\/wp-content\/uploads\/2026\/04\/IMG_1687-225x300.jpg 225w, https:\/\/mccoupigny.fr\/wp-content\/uploads\/2026\/04\/IMG_1687-1152x1536.jpg 1152w, https:\/\/mccoupigny.fr\/wp-content\/uploads\/2026\/04\/IMG_1687-1536x2048.jpg 1536w, https:\/\/mccoupigny.fr\/wp-content\/uploads\/2026\/04\/IMG_1687-scaled.jpg 1920w\" sizes=\"auto, (max-width: 768px) 100vw, 768px\" \/><\/figure><div class=\"wp-block-media-text__content\">\n<p class=\"has-text-align-left\"><strong>                                                                                                                                                                                              Je n&rsquo;ai pas choisi d&rsquo;accompagner par hasard.<\/strong>                                                                                                                             <strong>Je veux transmettre et partager mon chemin, ma r\u00e9silience.                                                                  Vous montrer que tout est possible et qu&rsquo;il ne faut jamais renoncer. <\/strong>                                                                          <strong>Si je me suis lib\u00e9r\u00e9e, pourquoi pas vous ?<\/strong><\/p>\n\n\n\n<p class=\"has-text-align-left\"><strong>TOUT EST EN NOUS !<\/strong><\/p>\n<\/div><\/div>\n\n\n\n<p>Depuis <strong>plus de vingt ans<\/strong>, j\u2019accompagne le corps.                                                                                                                                                                 <strong>Professionnelle du soin de formation<\/strong> (P\u00e9dicure-Podologue), mon parcours a toujours \u00e9t\u00e9 guid\u00e9 par une volont\u00e9 profonde de <strong>prendre soin de l\u2019autre<\/strong>.                                                                                                                                                                                                                                          De ces ann\u00e9es d&rsquo;exp\u00e9rience, j&rsquo;ai gard\u00e9 une <strong>rigueur professionnelle, <\/strong>un <strong>sens de l&rsquo;observation<\/strong> concret et la <strong>clart\u00e9 de l&rsquo;analyse<\/strong>.<br>Au fil des ann\u00e9es, j\u2019ai observ\u00e9 une chose essentielle : <strong>le corps parle<\/strong>. <br>Nous n&rsquo;avons pas appris \u00e0 l&rsquo;\u00e9couter. <strong>Il exprime ce que les mots n\u2019ont pas pu dire. <\/strong><br><strong>Il est toujours JUSTE. <\/strong> Il garde la trace des \u00e9motions retenues, des silences prolong\u00e9s, des loyaut\u00e9s invisibles.<\/p>\n\n\n\n<p><strong>Derri\u00e8re une douleur, il y a souvent une histoire.<\/strong><br>Parfois personnelle.<br>Parfois transmise.<\/p>\n\n\n\n<p>Cette compr\u00e9hension m\u2019a amen\u00e9e \u00e0 \u00e9largir ma pratique.<br>Je me suis form\u00e9e \u00e0 <strong>la m\u00e9thode CAPE (Corps Accompagnement Psycho-\u00c9motionnel),<\/strong> une approche globale reliant le corps, le mental et l\u2019\u00e9motion.<br>J\u2019y ai int\u00e9gr\u00e9 des outils tels que la sophrologie, la PNL, la relation d\u2019aide, le coaching cr\u00e9atif et l\u2019acupression issue de la M\u00e9decine Chinoise et d&rsquo;autres outils professionnels simples et puissants.<\/p>\n\n\n\n<p><strong>Mais au-del\u00e0 des techniques, c\u2019est mon propre chemin qui a transform\u00e9 ma posture.<\/strong><\/p>\n\n\n\n<p>En traversant <strong>mes sch\u00e9mas.<\/strong><br>En rencontrant <strong>mes h\u00e9ritages.<\/strong><br>En comprenant que ce que nous portons n\u2019est pas toujours seulement \u00e0 nous.<\/p>\n\n\n\n<h2 class=\"wp-block-heading\">Pourquoi le transg\u00e9n\u00e9rationnel?<\/h2>\n\n\n\n<p>\u200bAu fil de ma pratique, j&rsquo;ai constat\u00e9 que <strong>certains blocages r\u00e9sistaient<\/strong> aux approches classiques. J&rsquo;ai compris que nous ne sommes pas des <strong>\u00eatres isol\u00e9s <\/strong>: nous sommes <strong>le fruit d&rsquo;une lign\u00e9e. <\/strong> Parfois, <strong>les maux <\/strong>que nous portons sont <strong>les \u00e9chos de \u00ab\u00a0m\u00e9moires fant\u00f4mes\u00a0\u00bb<\/strong>, des silences, des deuils non faits ou des injustices v\u00e9cues par nos anc\u00eatres qui cherchent <strong>\u00e0 \u00eatre entendus.<\/strong><\/p>\n\n\n\n<p>\u200b<strong>Ma mission : Vous aider \u00e0 retrouver votre puissance int\u00e9rieure<\/strong>.<\/p>\n\n\n\n<p>\u200bAujourd&rsquo;hui, je mets <strong>mon empathie et mon expertise <\/strong>au service de la <strong>lib\u00e9ration des m\u00e9moires familiales<\/strong>.                                                                        Mon r\u00f4le n&rsquo;est pas de vous perdre dans le pass\u00e9, mais d&rsquo;utiliser ma sensibilit\u00e9 de soignante pour :<\/p>\n\n\n\n<ul class=\"wp-block-list\">\n<li>\u200b<strong>Identifier<\/strong> les loyaut\u00e9s invisibles qui freinent votre \u00e9lan.<\/li>\n\n\n\n<li>\u200b<strong>Mettre en lumi\u00e8re<\/strong> et nommer les v\u00e9cus pass\u00e9s avec douceur et sans jugement.<\/li>\n\n\n\n<li>\u200b<strong>Lib\u00e9rer<\/strong> la parole pour transformer un h\u00e9ritage lourd en une force d&rsquo;ancrage.<\/li>\n\n\n\n<li><strong>Accoucher<\/strong> de vous-m\u00eame pour que vous puissiez <strong>rayonner \u00e0 votre juste place.<\/strong><\/li>\n<\/ul>\n\n\n\n<p>Mon accompagnement est <strong>un pont <\/strong>entre <strong>la psychologie et la symbolique<\/strong>, toujours effectu\u00e9 avec une <strong>bienveillance profonde<\/strong> et le <strong>s\u00e9rieux <\/strong>que mon parcours m\u00e9dical m&rsquo;a inculqu\u00e9.                                                                                                                                                            <strong>Ensemble<\/strong>, nous travaillons \u00e0 ce que vous puissiez enfin <strong>marcher librement<\/strong> sur votre <strong>propre chemin.<\/strong><br>Un espace o\u00f9 <strong>rien n\u2019est forc\u00e9.<\/strong><br>O\u00f9 le syst\u00e8me nerveux peut se r\u00e9guler.<br><strong>O\u00f9 la m\u00e9moire peut se transformer.<\/strong><\/p>\n\n\n\n<p class=\"has-text-align-left\">C<strong>e travail demande engagement et maturit\u00e9.<br>Mais il ouvre un espace de libert\u00e9 profond<\/strong> <strong>et une incroyable transformation<\/strong>.<\/p>\n\n\n\n<p class=\"has-text-align-left\">Ces mots vous ont parl\u00e9s et vous ont donn\u00e9s envie de vous choisir?                                                                                                                                                      N&rsquo;h\u00e9sitez plus et <strong>passez \u00e0 l&rsquo;action <\/strong>pour entamer <strong>le premier jour du reste de votre vie.<\/strong><\/p>\n\n\n\n<hr class=\"wp-block-separator has-alpha-channel-opacity\"\/>\n\n\n\n<p><br><\/p>\n\n\n\n<p><\/p>\n","protected":false},"excerpt":{"rendered":"<p>De l&rsquo;h\u00e9ritage \u00e0 la puissance incarn\u00e9e Je n&rsquo;ai pas choisi d&rsquo;accompagner par hasard. Je veux transmettre et partager mon chemin, ma r\u00e9silience. Vous montrer que tout est possible et qu&rsquo;il ne faut jamais renoncer. Si je me suis lib\u00e9r\u00e9e, pourquoi pas vous ? TOUT EST EN NOUS ! Depuis plus de vingt ans, j\u2019accompagne le&#8230;<\/p>\n","protected":false},"author":1,"featured_media":0,"parent":0,"menu_order":0,"comment_status":"closed","ping_status":"closed","template":"","meta":{"footnotes":""},"class_list":["post-650","page","type-page","status-publish","hentry"],"_links":{"self":[{"href":"https:\/\/mccoupigny.fr\/index.php\/wp-json\/wp\/v2\/pages\/650","targetHints":{"allow":["GET"]}}],"collection":[{"href":"https:\/\/mccoupigny.fr\/index.php\/wp-json\/wp\/v2\/pages"}],"about":[{"href":"https:\/\/mccoupigny.fr\/index.php\/wp-json\/wp\/v2\/types\/page"}],"author":[{"embeddable":true,"href":"https:\/\/mccoupigny.fr\/index.php\/wp-json\/wp\/v2\/users\/1"}],"replies":[{"embeddable":true,"href":"https:\/\/mccoupigny.fr\/index.php\/wp-json\/wp\/v2\/comments?post=650"}],"version-history":[{"count":27,"href":"https:\/\/mccoupigny.fr\/index.php\/wp-json\/wp\/v2\/pages\/650\/revisions"}],"predecessor-version":[{"id":994,"href":"https:\/\/mccoupigny.fr\/index.php\/wp-json\/wp\/v2\/pages\/650\/revisions\/994"}],"wp:attachment":[{"href":"https:\/\/mccoupigny.fr\/index.php\/wp-json\/wp\/v2\/media?parent=650"}],"curies":[{"name":"wp","href":"https:\/\/api.w.org\/{rel}","templated":true}]}}