{"id":384,"date":"2024-01-23T13:04:20","date_gmt":"2024-01-23T12:04:20","guid":{"rendered":"https:\/\/mccoupigny.fr\/?page_id=384"},"modified":"2026-04-03T13:06:53","modified_gmt":"2026-04-03T11:06:53","slug":"therapie-psycho-corporelle-et-emotionnelle","status":"publish","type":"page","link":"https:\/\/mccoupigny.fr\/index.php\/therapie-psycho-corporelle-et-emotionnelle\/","title":{"rendered":"ACCEUIL"},"content":{"rendered":"\n<p><\/p>\n\n\n\n<div class=\"wp-block-media-text is-stacked-on-mobile\"><figure class=\"wp-block-media-text__media\"><img loading=\"lazy\" decoding=\"async\" width=\"846\" height=\"806\" src=\"https:\/\/mccoupigny.fr\/wp-content\/uploads\/2026\/04\/LOGO-ECLAIREUSE-DE-VIE-3.jpg\" alt=\"\" class=\"wp-image-998 size-full\" srcset=\"https:\/\/mccoupigny.fr\/wp-content\/uploads\/2026\/04\/LOGO-ECLAIREUSE-DE-VIE-3.jpg 846w, https:\/\/mccoupigny.fr\/wp-content\/uploads\/2026\/04\/LOGO-ECLAIREUSE-DE-VIE-3-300x286.jpg 300w, https:\/\/mccoupigny.fr\/wp-content\/uploads\/2026\/04\/LOGO-ECLAIREUSE-DE-VIE-3-768x732.jpg 768w\" sizes=\"auto, (max-width: 846px) 100vw, 846px\" \/><\/figure><div class=\"wp-block-media-text__content\">\n<p>DE L\u2019H\u00c9RITAGE A LA PUISSANCE INCARNEE.<\/p>\n\n\n\n<p><strong>Transformer le poids invisible en tremplin lib\u00e9rateur.<\/strong><\/p>\n<\/div><\/div>\n\n\n\n<hr class=\"wp-block-separator has-alpha-channel-opacity\"\/>\n\n\n\n<h2 class=\"wp-block-heading\">Vous avez appris \u00e0 \u00eatre fort\/te.<\/h2>\n\n\n\n<p>\u00c0 tenir. \u00c0 porter. \u00c0 vous adapter.                                                                                                                                                                                                 \u00c0 faire passer les autres avant vous.<\/p>\n\n\n\n<p>Et pourtant\u2026<\/p>\n\n\n\n<p>\u00c0 l\u2019int\u00e9rieur, quelque chose fatigue.<br>Se r\u00e9p\u00e8te, r\u00e9siste. Vous bloque pour avancer et trouver votre place.                                                                                                                              Vous sentez qu\u2019il est temps de comprendre.<br>Et de transformer.<\/p>\n\n\n\n<hr class=\"wp-block-separator has-alpha-channel-opacity\"\/>\n\n\n\n<h2 class=\"wp-block-heading\">Ce que vous portez n\u2019est pas qu&rsquo;\u00e0 vous !<\/h2>\n\n\n\n<p>Certaines peurs.<br>Certaines loyaut\u00e9s.<br>Certains sch\u00e9mas.                                                                                                                                                                                                                                     Se transmettent en silence.<\/p>\n\n\n\n<p>Le corps le sait. Il s\u2019exprime.<br>Dans les tensions, dans l\u2019\u00e9puisement, dans ce qui bloque.<\/p>\n\n\n\n<p><strong>Ici, nous apprenons \u00e0 \u00e9couter.<\/strong><\/p>\n\n\n\n<hr class=\"wp-block-separator has-alpha-channel-opacity\"\/>\n\n\n\n<h2 class=\"wp-block-heading\">Un accompagnement profond et s\u00e9curis\u00e9<\/h2>\n\n\n\n<p>Je vous accompagne dans un travail en profondeur, alliant \u00e9coute du corps, lib\u00e9ration \u00e9motionnelle et compr\u00e9hension des m\u00e9moires transg\u00e9n\u00e9rationnelles. Un espace structur\u00e9, confidentiel, respectueux de votre rythme.                                                                                            <strong>Vous ne serez plus seule \u00e0 porter.<\/strong><\/p>\n\n\n\n<hr class=\"wp-block-separator has-alpha-channel-opacity\"\/>\n\n\n\n<h2 class=\"wp-block-heading\">Ce qui devient possible<\/h2>\n\n\n\n<p><strong>D\u00e9poser <\/strong>ce qui ne vous appartient plus.<br><strong>Sortir des sch\u00e9mas r\u00e9p\u00e9titifs.<\/strong><br><strong>Vous choisir <\/strong>sans culpabilit\u00e9.<br><strong>Incarner <\/strong>votre puissance, avec calme.<\/p>\n\n\n\n<p><strong>Une puissance tranquille. Stable et assum\u00e9e.<\/strong>                                                                                                                                                              <strong>RETROUVER VOTRE PLACE LEGITIME<\/strong><\/p>\n\n\n\n<hr class=\"wp-block-separator has-alpha-channel-opacity\"\/>\n\n\n\n<h2 class=\"wp-block-heading\">\ud83c\udf3f Si ces mots \u00e9veillent en vous un frisson<\/h2>\n\n\n\n<p>C\u2019est que le moment est juste.<br>Celui de <strong>ne plus vous abandonner.<\/strong><\/p>\n\n\n\n<p>\u2192 D\u00e9couvrir le Programme<br>\u2192 Prendre contact<\/p>\n\n\n\n<p><\/p>\n","protected":false},"excerpt":{"rendered":"<p>DE L\u2019H\u00c9RITAGE A LA PUISSANCE INCARNEE. Transformer le poids invisible en tremplin lib\u00e9rateur. Vous avez appris \u00e0 \u00eatre fort\/te. \u00c0 tenir. \u00c0 porter. \u00c0 vous adapter. \u00c0 faire passer les autres avant vous. Et pourtant\u2026 \u00c0 l\u2019int\u00e9rieur, quelque chose fatigue.Se r\u00e9p\u00e8te, r\u00e9siste. Vous bloque pour avancer et trouver votre place. Vous sentez qu\u2019il est temps&#8230;<\/p>\n","protected":false},"author":1,"featured_media":0,"parent":0,"menu_order":0,"comment_status":"closed","ping_status":"closed","template":"","meta":{"footnotes":""},"class_list":["post-384","page","type-page","status-publish","hentry"],"_links":{"self":[{"href":"https:\/\/mccoupigny.fr\/index.php\/wp-json\/wp\/v2\/pages\/384","targetHints":{"allow":["GET"]}}],"collection":[{"href":"https:\/\/mccoupigny.fr\/index.php\/wp-json\/wp\/v2\/pages"}],"about":[{"href":"https:\/\/mccoupigny.fr\/index.php\/wp-json\/wp\/v2\/types\/page"}],"author":[{"embeddable":true,"href":"https:\/\/mccoupigny.fr\/index.php\/wp-json\/wp\/v2\/users\/1"}],"replies":[{"embeddable":true,"href":"https:\/\/mccoupigny.fr\/index.php\/wp-json\/wp\/v2\/comments?post=384"}],"version-history":[{"count":19,"href":"https:\/\/mccoupigny.fr\/index.php\/wp-json\/wp\/v2\/pages\/384\/revisions"}],"predecessor-version":[{"id":1000,"href":"https:\/\/mccoupigny.fr\/index.php\/wp-json\/wp\/v2\/pages\/384\/revisions\/1000"}],"wp:attachment":[{"href":"https:\/\/mccoupigny.fr\/index.php\/wp-json\/wp\/v2\/media?parent=384"}],"curies":[{"name":"wp","href":"https:\/\/api.w.org\/{rel}","templated":true}]}}