{"id":22,"date":"2026-02-25T14:41:41","date_gmt":"2026-02-25T13:41:41","guid":{"rendered":"https:\/\/mccoupigny.fr\/?page_id=22"},"modified":"2026-04-02T22:03:41","modified_gmt":"2026-04-02T20:03:41","slug":"human-design","status":"publish","type":"page","link":"https:\/\/mccoupigny.fr\/index.php\/human-design\/","title":{"rendered":"LE HUMAN DESIGN \/ LA CONNAISSANCE DE SOI"},"content":{"rendered":"\n<p><\/p>\n\n\n\n<div class=\"wp-block-media-text is-stacked-on-mobile\" style=\"grid-template-columns:24% auto\"><figure class=\"wp-block-media-text__media\"><img loading=\"lazy\" decoding=\"async\" width=\"847\" height=\"1024\" src=\"https:\/\/mccoupigny.fr\/wp-content\/uploads\/2026\/04\/photo-hd.jpg\" alt=\"\" class=\"wp-image-915 size-full\" srcset=\"https:\/\/mccoupigny.fr\/wp-content\/uploads\/2026\/04\/photo-hd.jpg 847w, https:\/\/mccoupigny.fr\/wp-content\/uploads\/2026\/04\/photo-hd-248x300.jpg 248w, https:\/\/mccoupigny.fr\/wp-content\/uploads\/2026\/04\/photo-hd-768x928.jpg 768w\" sizes=\"auto, (max-width: 847px) 100vw, 847px\" \/><\/figure><div class=\"wp-block-media-text__content\">\n<p>Cette analyse est une exploration de <strong>votre fonctionnement<\/strong>.<br>C&rsquo;est une lecture initiatique de votre nature profonde.<br>Elle ne vous met pas dans une case.<br>Elle vous aide \u00e0 <strong>comprendre <\/strong>:<br>&#8211; Votre \u00e9nergie.<br>&#8211; Votre mani\u00e8re de d\u00e9cider.<br>&#8211; Vos forces naturelles.<br>&#8211; Vos zones de conditionnement.<br>&#8211; Vos m\u00e9moires inconscientes.<br><strong>C\u2019est un retour \u00e0 votre structure originelle.<\/strong><\/p>\n<\/div><\/div>\n\n\n\n<h2 class=\"wp-block-heading\">Pour qui ?<\/h2>\n\n\n\n<p>Cette analyse s\u2019adresse :<br>&#8211; <strong>A toute personne<\/strong> en qu\u00eate de <strong>compr\u00e9hension int\u00e9rieure<\/strong>.<br>&#8211; \u00c0 celles et ceux qui traversent une p\u00e9riode de <strong>transition.<\/strong>                                                                                                                                              &#8211; A celles et ceux qui sentent un <strong>d\u00e9calage <\/strong>entre qui ils sont et la vie qu\u2019ils m\u00e8nent.<br>&#8211; \u00c0 celles et ceux qui veulent <strong>mieux se conna\u00eetre<\/strong> avant de prendre une d\u00e9cision importante.<\/p>\n\n\n\n<ul class=\"wp-block-list\">\n<li>Elle peut \u00eatre explor\u00e9e sous <strong>diff\u00e9rents angles<\/strong> :<br><strong>Professionnel<br>Relationnel<br>Mission de vie<br>Blocages r\u00e9currents<br>Repositionnement personnel<\/strong><\/li>\n<\/ul>\n\n\n\n<h2 class=\"wp-block-heading\">Ce que nous explorons ensemble<\/h2>\n\n\n\n<p>Selon votre charte, nous mettons en lumi\u00e8re :<br>&#8211; Votre <strong>Type \u00e9nerg\u00e9tique<\/strong> et votre <strong>strat\u00e9gie naturelle<\/strong>.<br>&#8211; Votre <strong>Autorit\u00e9 d\u00e9cisionnelle<\/strong>.                                                                                                                                                                                                       &#8211; <strong>Votre Profil <\/strong>(votre posture consciente et inconsciente).<br>&#8211; Vos <strong>centres <\/strong>d\u00e9finis et non d\u00e9finis.<br>&#8211; Vos <strong>portes <\/strong>et <strong>canaux<\/strong> majeurs.<br>&#8211; Vos <strong>m\u00e9canismes de conditionnement<\/strong>. <br> Cette lecture permet de comprendre :<br>&#8211; Pourquoi certaines choses vous <strong>fatiguent.<\/strong><br>&#8211; Pourquoi certaines relations vous <strong>d\u00e9s\u00e9quilibrent.<\/strong><br>&#8211; Pourquoi vous forcez parfois <strong>contre votre nature.<\/strong> <br> <strong>Et surtout : comment revenir \u00e0 votre alignement<\/strong>.<\/p>\n\n\n\n<h2 class=\"wp-block-heading\">Ce que cela permet de:<\/h2>\n\n\n\n<p>Retrouver <strong>clart\u00e9 et coh\u00e9rence <\/strong>int\u00e9rieure. <br>Mieux <strong>se comprendre<\/strong>.                                                                                                                                                                                                                      Etre <strong>fi\u00e8re <\/strong>de votre diff\u00e9rence .                                                                                                                                                                                                                    <strong>Comprendre vos sch\u00e9mas r\u00e9p\u00e9titifs<\/strong>.<br><strong>Apaiser<\/strong> la pression de <strong>\u201cdevoir \u00eatre autrement\u201d<\/strong>.<br><strong>Moins culpabiliser<\/strong>.                                                                                                                                                                                                                                        <strong>S&rsquo;autoriser<\/strong> \u00e0 fonctionner selon votre <strong>v\u00e9ritable rythme<\/strong>.<br><strong>Initier<\/strong> un <strong>r\u00e9alignement concret<\/strong> dans votre vie.                                                                                                                                                                                        Et surtout de se sentir <strong>LEGITIME<\/strong>  dans sa fa\u00e7on<strong> d&rsquo;agir et d&rsquo;\u00eatre.<\/strong><br> <strong>* C\u2019est une prise de conscience progressive mais puissante.<\/strong><\/p>\n\n\n\n<h2 class=\"wp-block-heading\">Modalit\u00e9s<\/h2>\n\n\n\n<p>S\u00e9ance individuelle d\u2019environ 1h30 \u00e0 2h.<br>Compte-rendu synth\u00e9tique transmis apr\u00e8s la s\u00e9ance Tarif : 222 \u20ac<\/p>\n\n\n\n<h2 class=\"wp-block-heading\">Une porte d\u2019entr\u00e9e<\/h2>\n\n\n\n<p>Cette analyse permet une <strong>exploration en soi.<\/strong><br>C&rsquo;est aussi <strong>une premi\u00e8re \u00e9tape<\/strong> vers un accompagnement plus profond.<br><strong>Tout d\u00e9pend de votre appel int\u00e9rieur.                                                                                                                                                                                                  Ecoutez votre c\u0153ur. <\/strong>                                                                                                                                                                                                                                                 <strong>Vous n&rsquo;\u00eates pas l\u00e0 part hasard.<\/strong><\/p>\n\n\n\n<p>\u2728 Si vous sentez que le moment est venu de mieux vous comprendre,<br>je vous invite \u00e0 r\u00e9server votre s\u00e9ance.<\/p>\n\n\n\n<p><\/p>\n","protected":false},"excerpt":{"rendered":"<p>Cette analyse est une exploration de votre fonctionnement.C&rsquo;est une lecture initiatique de votre nature profonde.Elle ne vous met pas dans une case.Elle vous aide \u00e0 comprendre :&#8211; Votre \u00e9nergie.&#8211; Votre mani\u00e8re de d\u00e9cider.&#8211; Vos forces naturelles.&#8211; Vos zones de conditionnement.&#8211; Vos m\u00e9moires inconscientes.C\u2019est un retour \u00e0 votre structure originelle. Pour qui ? Cette analyse s\u2019adresse&#8230;<\/p>\n","protected":false},"author":1,"featured_media":633,"parent":0,"menu_order":0,"comment_status":"closed","ping_status":"closed","template":"","meta":{"footnotes":""},"class_list":["post-22","page","type-page","status-publish","has-post-thumbnail","hentry"],"_links":{"self":[{"href":"https:\/\/mccoupigny.fr\/index.php\/wp-json\/wp\/v2\/pages\/22","targetHints":{"allow":["GET"]}}],"collection":[{"href":"https:\/\/mccoupigny.fr\/index.php\/wp-json\/wp\/v2\/pages"}],"about":[{"href":"https:\/\/mccoupigny.fr\/index.php\/wp-json\/wp\/v2\/types\/page"}],"author":[{"embeddable":true,"href":"https:\/\/mccoupigny.fr\/index.php\/wp-json\/wp\/v2\/users\/1"}],"replies":[{"embeddable":true,"href":"https:\/\/mccoupigny.fr\/index.php\/wp-json\/wp\/v2\/comments?post=22"}],"version-history":[{"count":57,"href":"https:\/\/mccoupigny.fr\/index.php\/wp-json\/wp\/v2\/pages\/22\/revisions"}],"predecessor-version":[{"id":919,"href":"https:\/\/mccoupigny.fr\/index.php\/wp-json\/wp\/v2\/pages\/22\/revisions\/919"}],"wp:featuredmedia":[{"embeddable":true,"href":"https:\/\/mccoupigny.fr\/index.php\/wp-json\/wp\/v2\/media\/633"}],"wp:attachment":[{"href":"https:\/\/mccoupigny.fr\/index.php\/wp-json\/wp\/v2\/media?parent=22"}],"curies":[{"name":"wp","href":"https:\/\/api.w.org\/{rel}","templated":true}]}}